	{"id":249,"date":"2023-12-30T14:08:31","date_gmt":"2023-12-30T14:08:31","guid":{"rendered":"https:\/\/asp2024.usal.es\/?page_id=249"},"modified":"2024-02-08T16:33:57","modified_gmt":"2024-02-08T16:33:57","slug":"comite-cientifico","status":"publish","type":"page","link":"https:\/\/asp2024.usal.es\/en\/comite-cientifico\/","title":{"rendered":"SCIENTIFIC COMMITTEE"},"content":{"rendered":"<h6><\/h6>\n<h6><\/h6>\n<h6><\/h6>\n<h6 style=\"text-align: center;\"><strong><span style=\"color: #000000; font-size: 12pt;\">VIRGINIA BARCIELA GONZALEZ<\/span><br \/>\n<span style=\"color: #808080;\">Universidad de Alicante<\/span><\/strong><\/h6>\n<h6 style=\"text-align: center;\"><strong><span style=\"color: #000000; font-size: 12pt;\">PRIMITIVA BUENO RAM\u00cdREZ<\/span><br \/>\n<span style=\"color: #808080;\">Universidad de Alcal\u00e1 de Henares<\/span><\/strong><\/h6>\n<h6 style=\"text-align: center;\"><strong><span style=\"color: #000000; font-size: 12pt;\">BEATRIZ COMENDADOR REY<\/span><br \/>\n<span style=\"color: #808080;\">Universidade de Vigo<\/span><\/strong><\/h6>\n<h6 style=\"text-align: center;\"><strong><span style=\"color: #000000; font-size: 12pt;\">CAROLE FRITZ<\/span><br \/>\n<span style=\"color: #808080;\">Maison des Sciences de l&#8217;Homme et de la Soci\u00e9t\u00e9 de Toulouse<\/span><\/strong><\/h6>\n<h6 style=\"text-align: center;\"><strong><span style=\"color: #000000; font-size: 12pt;\">DIEGO GARATE MAIDAGAN<\/span><br \/>\n<span style=\"color: #808080;\">Universidad de Cantabria<\/span><\/strong><\/h6>\n<h6 style=\"text-align: center;\"><strong><span style=\"color: #000000; font-size: 12pt;\">MIGUEL GARCIA BUSTOS<\/span><br \/>\n<span style=\"color: #808080;\">Universidad de Salamanca<\/span><\/strong><\/h6>\n<h6 style=\"text-align: center;\"><strong><span style=\"color: #000000; font-size: 12pt;\">M\u00aa \u00c1NGELES MEDINA ALCAIDE<\/span><br \/>\n<\/strong><strong><span style=\"color: #808080;\">Universit\u00e9 de Bordeaux<\/span><\/strong><\/h6>\n<h6 style=\"text-align: center;\"><strong><span style=\"color: #000000; font-size: 12pt;\">OSCAR MORO-ABADIA<\/span><br \/>\n<span style=\"color: #808080;\">University of Newfoundland\u00a0<\/span><\/strong><\/h6>\n<h6 style=\"text-align: center;\"><strong><span style=\"color: #000000; font-size: 12pt;\">APRIL NOWELL<\/span><br \/>\n<span style=\"color: #808080;\">University of Victoria<\/span><\/strong><\/h6>\n<h6 style=\"text-align: center;\"><strong><span style=\"color: #000000; font-size: 12pt;\">JUAN FRANCISCO RUIZ LOPEZ<\/span><br \/>\n<span style=\"color: #808080;\">Universidad de Castilla-La Mancha<\/span><\/strong><\/h6>\n<h6 style=\"text-align: center;\"><strong><span style=\"color: #000000; font-size: 12pt;\">JOSE LUIS SANCHIDRIAN TORTI<\/span><br \/>\n<span style=\"color: #808080;\">Universidad de C\u00f3rdoba<\/span><\/strong><\/h6>\n<h6 style=\"text-align: center;\"><strong><span style=\"color: #000000; font-size: 12pt;\">NEEMIAS SANTOS DA ROSA<\/span><br \/>\n<span style=\"color: #808080;\">Universit\u00e9 de Bordeaux<\/span><\/strong><\/h6>\n<h6 style=\"text-align: center;\"><strong><span style=\"color: #000000; font-size: 12pt;\">GEORGES SAUVET<\/span><br \/>\n<span style=\"color: #808080;\">CREAP-Cartailhac<\/span><\/strong><\/h6>\n<h6 style=\"text-align: center;\"><strong><span style=\"color: #000000; font-size: 12pt;\">MARCO DE LA RASILLA VIVES<\/span><br \/>\n<span style=\"color: #808080;\">Universidad de Oviedo<\/span><\/strong><\/h6>\n<h6 style=\"text-align: center;\"><strong><span style=\"color: #000000; font-size: 12pt;\">ERIC ROBERT<\/span><br \/>\n<span style=\"color: #808080;\">Mus\u00e9um National d&#8217;Histoire Naturelle<\/span><\/strong><\/h6>\n<h6 style=\"text-align: center;\"><strong><span style=\"color: #000000; font-size: 12pt;\">AITOR RUIZ-REDONDO<\/span><br \/>\n<span style=\"color: #808080;\">Universidad de Zaragoza<\/span><\/strong><\/h6>\n<h6 style=\"text-align: center;\"><strong><span style=\"color: #000000; font-size: 12pt;\">ANDR\u00c9 TOM\u00c1S SANTOS<\/span><br \/>\n<span style=\"color: #808080;\">Universidade de Coimbra<\/span><\/strong><\/h6>\n<h6 style=\"text-align: center;\"><strong><span style=\"color: #000000; font-size: 12pt;\">GILLES TOSELLO<\/span><br \/>\n<span style=\"color: #808080;\">CREAP-Cartailhac<\/span><\/strong><\/h6>\n<h6 style=\"text-align: center;\"><strong><span style=\"color: #000000; font-size: 12pt;\">PILAR UTRILLA MIRANDA<\/span><br \/>\n<span style=\"color: #808080;\">Universidad de Zaragoza<\/span><\/strong><\/h6>\n<h6 style=\"text-align: center;\"><strong><span style=\"color: #000000; font-size: 12pt;\">VALENTIN VILLAVERDE BONILLA<\/span><br \/>\n<span style=\"color: #808080;\">Universitat de Val\u00e8ncia<\/span><\/strong><\/h6>","protected":false},"excerpt":{"rendered":"<p>VIRGINIA BARCIELA GONZALEZ Universidad de Alicante PRIMITIVA BUENO RAM\u00cdREZ Universidad de Alcal\u00e1 de Henares BEATRIZ COMENDADOR REY Universidade de Vigo CAROLE FRITZ Maison des Sciences de l&#8217;Homme et de la Soci\u00e9t\u00e9 de Toulouse DIEGO GARATE MAIDAGAN Universidad de Cantabria MIGUEL GARCIA BUSTOS Universidad de Salamanca M\u00aa \u00c1NGELES MEDINA ALCAIDE Universit\u00e9 de Bordeaux OSCAR MORO-ABADIA University <a class=\"read-more\" href=\"https:\/\/asp2024.usal.es\/en\/comite-cientifico\/\">Leer m&aacute;s<\/a><\/p>\n","protected":false},"author":163,"featured_media":0,"parent":0,"menu_order":0,"comment_status":"closed","ping_status":"closed","template":"","meta":{"footnotes":""},"class_list":["post-249","page","type-page","status-publish","hentry"],"aioseo_notices":[],"_links":{"self":[{"href":"https:\/\/asp2024.usal.es\/en\/wp-json\/wp\/v2\/pages\/249","targetHints":{"allow":["GET"]}}],"collection":[{"href":"https:\/\/asp2024.usal.es\/en\/wp-json\/wp\/v2\/pages"}],"about":[{"href":"https:\/\/asp2024.usal.es\/en\/wp-json\/wp\/v2\/types\/page"}],"author":[{"embeddable":true,"href":"https:\/\/asp2024.usal.es\/en\/wp-json\/wp\/v2\/users\/163"}],"replies":[{"embeddable":true,"href":"https:\/\/asp2024.usal.es\/en\/wp-json\/wp\/v2\/comments?post=249"}],"version-history":[{"count":12,"href":"https:\/\/asp2024.usal.es\/en\/wp-json\/wp\/v2\/pages\/249\/revisions"}],"predecessor-version":[{"id":608,"href":"https:\/\/asp2024.usal.es\/en\/wp-json\/wp\/v2\/pages\/249\/revisions\/608"}],"wp:attachment":[{"href":"https:\/\/asp2024.usal.es\/en\/wp-json\/wp\/v2\/media?parent=249"}],"curies":[{"name":"wp","href":"https:\/\/api.w.org\/{rel}","templated":true}]}}