	{"id":288,"date":"2024-01-19T20:12:10","date_gmt":"2024-01-19T20:12:10","guid":{"rendered":"https:\/\/asp2024.usal.es\/?page_id=288"},"modified":"2024-10-30T17:57:54","modified_gmt":"2024-10-30T17:57:54","slug":"excursion-2","status":"publish","type":"page","link":"https:\/\/asp2024.usal.es\/en\/excursion-2\/","title":{"rendered":"FIELD TRIPS"},"content":{"rendered":"<h4><\/h4>\n<h5><span style=\"color: #333333;\"><strong>To check if you have a place for the excursions, please refer to the following document: <\/strong><\/span><strong><a href=\"https:\/\/asp2024.usal.es\/list\/\"><span style=\"text-decoration: underline;\"><span style=\"font-size: 14pt;\">List <\/span><\/span><\/a><\/strong><\/h5>\n<p>&nbsp;<\/p>\n<p><strong>In order to attend the excursions, it is necessary to have <span style=\"text-decoration: underline;\">registered for the congress<\/span>. It is also compulsory to register using the following form:<\/strong><\/p>\n<h4 style=\"text-align: left;\"><a href=\"https:\/\/forms.gle\/5WMh5ft1ihMQ9Nj89\"><span style=\"text-decoration: underline;\"><span style=\"font-size: 14pt;\"><strong>FORM<\/strong><\/span><\/span><\/a><\/h4>\n<p><strong><span style=\"text-decoration: underline;\">ATTENTION! The number of places is limited, so preference will be given on a first-come, first-served basis.<\/span><br \/>\n<\/strong><\/p>\n<h4><strong><br \/>\nLas Batuecas<\/strong><\/h4>\n<p><span style=\"color: #333333;\">The Valley of Las Batuecas, located in the southwest of Salamanca, very close to La Alberca, is one of the most important Natural Spaces of Castilla y Le\u00f3n. The orography of the valley, surrounded by the peaks of the Sierra de Francia, made it a refuge for the local fauna and some hermits; in fact, in the centre of this valley we find the Carmelite monastery of Desierto de San Jos\u00e9, founded at the end of the 16th century. The poet and dramatist Lope de Vega, an important writer of the Spanish Golden Age, referred to this environment as the &#8220;perpetual place of happiness&#8221;.<\/span><\/p>\n<p><span style=\"color: #333333;\">Apart from its natural wealth, Las Batuecas is considered to be an important site of schematic rock art, above all because of the large number of decorated rock shelters. This artistic manifestation, whose precise chronology is unknown, apart from being later than the Palaeolithic, is characterised by its great abstraction and representation of minimal traits, in a schematic manner. Its paintings were already described by A. Ponz in 1778, but it was not more than two hundred years later that they were recognised as a graphic activity of prehistoric origin. Las Batuecas also forms part of the prolific scientific production of H. Breuil, J. Cabr\u00e9 and E. Hern\u00e1ndez Pacheco. In recent times, we should first add the important contribution of J. B\u00e9cares, professor at the University of Salamanca, who in a succession of research campaigns describes and discovers a large group of figures, and J. F. Ruiz-L\u00f3pez, professor at the University of Castilla-La Mancha, in the work of updating, digitalising and documenting this rich patrimonial vestige.<\/span><\/p>\n<p><span style=\"color: #333333;\">The schematic rock paintings of Las Batuecas were drawn on quartzite supports in open-air shelters. Despite their obvious schematic nature, the corpus of this enclave shows a particular naturalistic tendency in the formal treatment of the quadrupeds in such representative shelters as the Canchal de las Cabras Pintadas. Thus, the quadrupeds were represented with attention to the detail of the animal&#8217;s trunk and antlers\/horns, resulting in the possibility of distinguishing the painted fauna, such as goats or deer, although it is also possible to distinguish other animals such as fish. Finally, it should be noted that the iconography of Las Batuecas has another peculiarity: the use of white pigmentation (so rare in prehistoric art), generally applied to complete or highlight a specific figure<\/span><\/p>\n<p><span style=\"color: #333333;\">From La Alberca, take the road that leads to the valley of the river Batuecas. You can leave your car in the car park, about 500 metres from the monastery. After crossing and going up the river, it is possible to reach the cave paintings on foot, which are preserved on various panels and &#8220;canchales&#8221;. The <span style=\"color: #ff0000;\"><a style=\"color: #ff0000;\" href=\"https:\/\/www.jcyl.es\/jcyl\/patrimoniocultural\/GuiaLugaresArqueologicos\/salamanca\/04salamanca\/index.html\">visit<\/a><\/span> is completely free of charge.<\/span><\/p>\n<p><a href=\"https:\/\/lashurdescentrodedocumentacion.eu\/files\/pdf-biblioteca\/65.pdf\"><span style=\"color: #ff0000;\"><strong>SCIENTIFIC ARTICLE WITH TRACINGS BY H. BREUIL OF THE BATUECAS<\/strong><\/span><\/a><\/p>\n<p>&nbsp;<\/p>\n<h4><strong><span style=\"font-size: 14pt;\">Siega Verde<\/span><\/strong><\/h4>\n<p>The Siega Verde site, discovered in 1988 by M. Santonja and R. P\u00e9rez, is located on the banks of the river \u00c1gueda, in the province of Salamanca, very close to the border with Portugal. Together with that of Foz C\u00f4a (Portugal), its rock art is the best example of Palaeolithic rock art in the open air, which earned it recognition as an Asset of Cultural Interest in 1998 and as a World Heritage Site by UNESCO in 2010.<\/p>\n<p>The site, identified by M. Santonja and R. P\u00e9rez and researched by J. J. Alcolea Gonz\u00e1lez and R. de Balb\u00edn Behrmann, is made up of a total of 94 panels on slate blocks located over a distance of around 3 km along the banks of the \u00c1gueda River. The representations have been engraved using both the picket technique and the incised engraving technique. In terms of iconography, animals are the dominant motifs, mainly horses and aurochs, followed by caprids and cervids. According to stylistic characteristics, it has been possible to define both pre-Magdalenian and Magdalenian representations, in the same way as in other open-air sites such as the C\u00f4a Valley or Domingo Garc\u00eda (Segovia).<\/p>\n<p>Currently, the site can be <span style=\"color: #ff0000;\"><a style=\"color: #ff0000;\" href=\"https:\/\/siegaverde.es\/\">visited<\/a><\/span> both during the day and at night and has an Interpretation Centre where the creation of Siega Verde art is contextualised within the Palaeolithic chronology and its relationship with other similar sites.<\/p>\n<p>In 2022, the LabTec team began a new study of the Siega Verde rock art with the aim of restoring the decorated panels three-dimensionally using photogrammetry and structured light scanning, as well as the technical analysis of the engraving. During the campaigns carried out, all the motifs already known have been identified and located using GPS, as well as including the new figures recently discovered in the inventory. The identification and inventory work has been combined with the creation of 3D models using photogrammetry and LiDAR technology, which has made it possible to create a high quality three-dimensional database very quickly. On the other hand, taking into account that this site stands out for the notable presence of pictographic figures (a technique exclusive to open-air rock art), within the PALEOARTE project (financed by the Junta de Castilla y Le\u00f3n) we have carried out an experimental project to determine what type of tool and technique was used to carry out this type of technique.<\/p>\n<p><strong><span style=\"color: #ff0000;\"><a style=\"color: #ff0000;\" href=\"https:\/\/www.jcyl.es\/junta\/ccyt\/20200914_16_Arte_paleolitico_al_aire_libre.pdf\">MONOGRAPHY OF SIEGA VERDE<\/a><\/span><\/strong><\/p>\n<p><strong><span style=\"color: #ff0000;\"><a style=\"color: #ff0000;\" href=\"https:\/\/www.jcyl.es\/jcyl\/patrimoniocultural\/paleoarte\/pdf\/Guia-Siega-Verde-2020-ENG.pdf\">GUIDE OF SIEGA VERDE<\/a><\/span><\/strong><\/p>\n<p><a href=\"https:\/\/siegaverde.es\/recorrido-virtual\/\"><strong><span style=\"color: #ff0000;\">VIRTUAL TOUR OF SIEGA VERDE<\/span><\/strong><\/a><\/p>\n<h4><\/h4>\n<h4><\/h4>\n<h4><strong><span style=\"font-size: 14pt;\">Foz C\u00f4a<\/span><\/strong><\/h4>\n<p>The discovery of the first engraved rock (1 de Canada do Inferno) dates back to the end of 1991. It immediately provoked a great deal of discussion, as the planned construction of a dam would cause the rock art in the C\u00f4a valley to collapse. In 1996, the Portuguese government, taking into account expert opinion on the enormous artistic and scientific importance of the C\u00f4a engravings, decided to abandon the construction of the dam and to create the Archaeological Park. Today the C\u00f4a Valley is the largest open-air collection of Palaeolithic art in the world, classified as a UNESCO World Heritage Site in 1998.<\/p>\n<p>The Archaeological Park of the C\u00f4a Valley is located in the northernmost part of the district of Guarda, in the region known as Alto Douro. In the final stretch of the C\u00f4a River there are more than 80 sites with rock art and about 1200 engraved rocks. The great majority of the rock art motifs, of all chronologies, are located in schist rocks, taking advantage of the way in which the geological evolution of the Baixo C\u00f4a exposed, as a result of fluvial lace processes and tectonic fracturing, smooth vertical panels suitable for engraving.","protected":false},"excerpt":{"rendered":"<p>To check if you have a place for the excursions, please refer to the following document: List &nbsp; In order to attend the excursions, it is necessary to have registered for the congress. It is also compulsory to register using the following form: FORM ATTENTION! The number of places is limited, so preference will be <a class=\"read-more\" href=\"https:\/\/asp2024.usal.es\/en\/excursion-2\/\">Leer m&aacute;s<\/a><\/p>\n","protected":false},"author":163,"featured_media":0,"parent":0,"menu_order":0,"comment_status":"closed","ping_status":"closed","template":"","meta":{"footnotes":""},"class_list":["post-288","page","type-page","status-publish","hentry"],"aioseo_notices":[],"_links":{"self":[{"href":"https:\/\/asp2024.usal.es\/en\/wp-json\/wp\/v2\/pages\/288","targetHints":{"allow":["GET"]}}],"collection":[{"href":"https:\/\/asp2024.usal.es\/en\/wp-json\/wp\/v2\/pages"}],"about":[{"href":"https:\/\/asp2024.usal.es\/en\/wp-json\/wp\/v2\/types\/page"}],"author":[{"embeddable":true,"href":"https:\/\/asp2024.usal.es\/en\/wp-json\/wp\/v2\/users\/163"}],"replies":[{"embeddable":true,"href":"https:\/\/asp2024.usal.es\/en\/wp-json\/wp\/v2\/comments?post=288"}],"version-history":[{"count":25,"href":"https:\/\/asp2024.usal.es\/en\/wp-json\/wp\/v2\/pages\/288\/revisions"}],"predecessor-version":[{"id":620,"href":"https:\/\/asp2024.usal.es\/en\/wp-json\/wp\/v2\/pages\/288\/revisions\/620"}],"wp:attachment":[{"href":"https:\/\/asp2024.usal.es\/en\/wp-json\/wp\/v2\/media?parent=288"}],"curies":[{"name":"wp","href":"https:\/\/api.w.org\/{rel}","templated":true}]}}